{"id":4693,"date":"2024-04-11T10:28:26","date_gmt":"2024-04-11T10:28:26","guid":{"rendered":"https:\/\/www.francoeadriana.it.graffitiweb.site\/matrimoni\/"},"modified":"2025-04-24T14:01:04","modified_gmt":"2025-04-24T14:01:04","slug":"matrimoni","status":"publish","type":"page","link":"https:\/\/francoeadriana.it\/de\/matrimoni\/","title":{"rendered":"Hochzeit"},"content":{"rendered":"\t\t<div data-elementor-type=\"wp-post\" data-elementor-id=\"4693\" class=\"elementor elementor-4693 elementor-3160\">\n\t\t\t\t\t\t<section class=\"elementor-section elementor-top-section elementor-element elementor-element-ef5dc85 elementor-section-full_width qodef-elementor-content-grid elementor-reverse-tablet elementor-reverse-mobile elementor-section-height-default elementor-section-height-default\" data-id=\"ef5dc85\" data-element_type=\"section\" data-e-type=\"section\">\n\t\t\t\t\t\t<div class=\"elementor-container elementor-column-gap-no\">\n\t\t\t\t\t<div class=\"elementor-column elementor-col-50 elementor-top-column elementor-element elementor-element-c53a540\" data-id=\"c53a540\" data-element_type=\"column\" data-e-type=\"column\">\n\t\t\t<div class=\"elementor-widget-wrap elementor-element-populated\">\n\t\t\t\t\t\t<div class=\"elementor-element elementor-element-97b0477 elementor-widget elementor-widget-gaspard_core_stacked_images\" data-id=\"97b0477\" data-element_type=\"widget\" data-e-type=\"widget\" data-widget_type=\"gaspard_core_stacked_images.default\">\n\t\t\t\t<div class=\"elementor-widget-container\">\n\t\t\t\t\t<div class=\"qodef-shortcode qodef-m  qodef-stacked-images qodef-layout--default qodef-stack--right\">\n\t<div class=\"qodef-m-images\">\n\t\t<div class=\"qodef-e-main-image-holder\">\n\t\t\t<div class=\"qodef-e-main-image-zoom-holder\">\n\t\t\t\t\t\t\t\t\t<img fetchpriority=\"high\" decoding=\"async\" width=\"1709\" height=\"2560\" src=\"https:\/\/francoeadriana.it\/wp-content\/uploads\/2024\/04\/ga-742-scaled.jpg\" class=\"qodef-e-main-image\" alt=\"\" srcset=\"https:\/\/francoeadriana.it\/wp-content\/uploads\/2024\/04\/ga-742-scaled.jpg 1709w, https:\/\/francoeadriana.it\/wp-content\/uploads\/2024\/04\/ga-742-200x300.jpg 200w, https:\/\/francoeadriana.it\/wp-content\/uploads\/2024\/04\/ga-742-684x1024.jpg 684w, https:\/\/francoeadriana.it\/wp-content\/uploads\/2024\/04\/ga-742-768x1150.jpg 768w, https:\/\/francoeadriana.it\/wp-content\/uploads\/2024\/04\/ga-742-1025x1536.jpg 1025w, https:\/\/francoeadriana.it\/wp-content\/uploads\/2024\/04\/ga-742-1367x2048.jpg 1367w, https:\/\/francoeadriana.it\/wp-content\/uploads\/2024\/04\/ga-742-600x899.jpg 600w\" sizes=\"(max-width: 1709px) 100vw, 1709px\" \/>\t\t\t\t\t\t\t<\/div>\n\t\t<\/div>\n\t\t\t\t\t<img decoding=\"async\" width=\"1920\" height=\"1282\" src=\"https:\/\/francoeadriana.it\/wp-content\/uploads\/2024\/04\/ga-723-1.jpg\" class=\"qodef-e-stack-image\" alt=\"\" srcset=\"https:\/\/francoeadriana.it\/wp-content\/uploads\/2024\/04\/ga-723-1.jpg 1920w, https:\/\/francoeadriana.it\/wp-content\/uploads\/2024\/04\/ga-723-1-300x200.jpg 300w, https:\/\/francoeadriana.it\/wp-content\/uploads\/2024\/04\/ga-723-1-1024x684.jpg 1024w, https:\/\/francoeadriana.it\/wp-content\/uploads\/2024\/04\/ga-723-1-768x513.jpg 768w, https:\/\/francoeadriana.it\/wp-content\/uploads\/2024\/04\/ga-723-1-1536x1026.jpg 1536w, https:\/\/francoeadriana.it\/wp-content\/uploads\/2024\/04\/ga-723-1-600x401.jpg 600w\" sizes=\"(max-width: 1920px) 100vw, 1920px\" \/>\t\t\t<\/div>\n<\/div>\t\t\t\t<\/div>\n\t\t\t\t<\/div>\n\t\t\t\t\t<\/div>\n\t\t<\/div>\n\t\t\t\t<div class=\"elementor-column elementor-col-50 elementor-top-column elementor-element elementor-element-9399ff8\" data-id=\"9399ff8\" data-element_type=\"column\" data-e-type=\"column\">\n\t\t\t<div class=\"elementor-widget-wrap elementor-element-populated\">\n\t\t\t\t\t\t<div class=\"elementor-element elementor-element-74f93ce elementor-widget elementor-widget-gaspard_core_section_title\" data-id=\"74f93ce\" data-element_type=\"widget\" data-e-type=\"widget\" data-widget_type=\"gaspard_core_section_title.default\">\n\t\t\t\t<div class=\"elementor-widget-container\">\n\t\t\t\t\t<div class=\"qodef-shortcode qodef-m  qodef-section-title qodef-alignment--left  qodef--has-appear\">\n\t\t<h3 class=\"qodef-m-title\" >\n\tWillkommen zu unserem exklusiven Hochzeitsplanungsservice im Hotel Da Franco e Adriana, wo jeder Traum der Liebe in einem einzigartigen und unvergesslichen Ereignis seine Erf\u00fcllung findet.\t<\/h3>\n\t\t\t<div class=\"qodef-m-text\" style=\"margin-top: 29px\">\n\t\t<p>Wir sind der festen \u00dcberzeugung, dass jede Hochzeit ein individuelles Erlebnis sein sollte, das die einzigartige Geschichte und die W\u00fcnsche jedes Paares widerspiegelt. Aus diesem Grund widmen wir uns mit Leidenschaft und Hingabe der Gestaltung ma\u00dfgeschneiderter Hochzeiten, bei denen jedes Detail mit gro\u00dfer Aufmerksamkeit und Sorgfalt behandelt wird.<\/p>\t<\/div>\n\t\t<div class=\"qodef-m-button clear\">\n\t\t<a class=\"qodef-shortcode qodef-m  qodef-button qodef-layout--outlined   qodef-html--link\" href=\"\/de\/contatti\/\" target=\"_self\"  >\t<span class=\"qodef-m-text\">Kontaktieren Sie uns<\/span>    <span class=\"qodef-m-bckg-holder\" ><\/span><\/a>\t<\/div>\n\t<\/div>\t\t\t\t<\/div>\n\t\t\t\t<\/div>\n\t\t\t\t\t<\/div>\n\t\t<\/div>\n\t\t\t\t\t<\/div>\n\t\t<\/section>\n\t\t\t\t<section class=\"elementor-section elementor-top-section elementor-element elementor-element-5d2f04b0 elementor-section-full_width qodef-elementor-content-grid elementor-section-height-default elementor-section-height-default\" data-id=\"5d2f04b0\" data-element_type=\"section\" data-e-type=\"section\">\n\t\t\t\t\t\t<div class=\"elementor-container elementor-column-gap-no\">\n\t\t\t\t\t<div class=\"elementor-column elementor-col-100 elementor-top-column elementor-element elementor-element-5f53f11f\" data-id=\"5f53f11f\" data-element_type=\"column\" data-e-type=\"column\">\n\t\t\t<div class=\"elementor-widget-wrap elementor-element-populated\">\n\t\t\t\t\t\t<div class=\"elementor-element elementor-element-5aedb455 elementor-widget elementor-widget-gaspard_core_section_title\" data-id=\"5aedb455\" data-element_type=\"widget\" data-e-type=\"widget\" data-widget_type=\"gaspard_core_section_title.default\">\n\t\t\t\t<div class=\"elementor-widget-container\">\n\t\t\t\t\t<div class=\"qodef-shortcode qodef-m  qodef-section-title qodef-alignment--center  qodef--has-appear\">\n\t\t<h3 class=\"qodef-m-title\" >\n\tIm Hotel Da Franco e Adriana \t<\/h3>\n\t\t\t<div class=\"qodef-m-text\" >\n\t\t<p>wird Ihre Hochzeit zu einem einzigartigen Ereignis, bei dem Liebe, Sch\u00f6nheit und Eleganz harmonisch miteinander verschmelzen und Erinnerungen f\u00fcr die Ewigkeit schaffen. Wir sind hier, um Ihre Tr\u00e4ume wahr werden zu lassen, und wir freuen uns darauf, Teil Ihrer Reise zum wichtigsten \u201eJa\u201c Ihres Lebens zu sein.<\/p>\t<\/div>\n\t\t<\/div>\t\t\t\t<\/div>\n\t\t\t\t<\/div>\n\t\t\t\t\t<\/div>\n\t\t<\/div>\n\t\t\t\t\t<\/div>\n\t\t<\/section>\n\t\t\t\t<section class=\"elementor-section elementor-top-section elementor-element elementor-element-6d08287d elementor-section-full_width qodef-elementor-content-grid elementor-section-height-default elementor-section-height-default\" data-id=\"6d08287d\" data-element_type=\"section\" data-e-type=\"section\">\n\t\t\t\t\t\t<div class=\"elementor-container elementor-column-gap-no\">\n\t\t\t\t\t<div class=\"elementor-column elementor-col-50 elementor-top-column elementor-element elementor-element-33c2b60\" data-id=\"33c2b60\" data-element_type=\"column\" data-e-type=\"column\">\n\t\t\t<div class=\"elementor-widget-wrap elementor-element-populated\">\n\t\t\t\t\t\t<div class=\"elementor-element elementor-element-52bd45a1 title-medium elementor-widget elementor-widget-gaspard_core_image_with_text\" data-id=\"52bd45a1\" data-element_type=\"widget\" data-e-type=\"widget\" data-widget_type=\"gaspard_core_image_with_text.default\">\n\t\t\t\t<div class=\"elementor-widget-container\">\n\t\t\t\t\t<div class=\"qodef-shortcode qodef-m  qodef-image-with-text qodef-layout--text-below \">\n\t<div class=\"qodef-m-image\"> \t\t\t<img decoding=\"async\" width=\"1920\" height=\"1282\" src=\"https:\/\/francoeadriana.it\/wp-content\/uploads\/2024\/04\/ga-738.jpg\" class=\"attachment-full size-full\" alt=\"\" srcset=\"https:\/\/francoeadriana.it\/wp-content\/uploads\/2024\/04\/ga-738.jpg 1920w, https:\/\/francoeadriana.it\/wp-content\/uploads\/2024\/04\/ga-738-300x200.jpg 300w, https:\/\/francoeadriana.it\/wp-content\/uploads\/2024\/04\/ga-738-1024x684.jpg 1024w, https:\/\/francoeadriana.it\/wp-content\/uploads\/2024\/04\/ga-738-768x513.jpg 768w, https:\/\/francoeadriana.it\/wp-content\/uploads\/2024\/04\/ga-738-1536x1026.jpg 1536w, https:\/\/francoeadriana.it\/wp-content\/uploads\/2024\/04\/ga-738-600x401.jpg 600w\" sizes=\"(max-width: 1920px) 100vw, 1920px\" \/>\t<\/div>\t<div class=\"qodef-m-content\">\n\t\t\t<h3 class=\"qodef-m-title\" >\n\t\t\t\t\tHochzeitsplaner\t\t\t<\/h3>\n\t\t\t<p class=\"qodef-m-text\" >Damit alles perfekt ist, bieten wir Ihnen die M\u00f6glichkeit, die Organisation Ihrer Hochzeit unserem internen Hochzeitsplaner anzuvertrauen, einem erfahrenen Profi, der Sie Schritt f\u00fcr Schritt auf dieser spannenden Reise begleitet. Besonders f\u00fcr Paare, die von au\u00dferhalb der Region oder aus anderen L\u00e4ndern kommen, ist die Anwesenheit eines internen Hochzeitsplaners unverzichtbar, um jedes Detail tadellos und ohne Stress zu regeln.<\/p>\n\t\t\t<\/div>\n<\/div>\t\t\t\t<\/div>\n\t\t\t\t<\/div>\n\t\t\t\t\t<\/div>\n\t\t<\/div>\n\t\t\t\t<div class=\"elementor-column elementor-col-50 elementor-top-column elementor-element elementor-element-78e4e009\" data-id=\"78e4e009\" data-element_type=\"column\" data-e-type=\"column\">\n\t\t\t<div class=\"elementor-widget-wrap elementor-element-populated\">\n\t\t\t\t\t\t<div class=\"elementor-element elementor-element-68ad97c9 title-medium elementor-widget elementor-widget-gaspard_core_image_with_text\" data-id=\"68ad97c9\" data-element_type=\"widget\" data-e-type=\"widget\" data-widget_type=\"gaspard_core_image_with_text.default\">\n\t\t\t\t<div class=\"elementor-widget-container\">\n\t\t\t\t\t<div class=\"qodef-shortcode qodef-m  qodef-image-with-text qodef-layout--text-below \">\n\t<div class=\"qodef-m-image\"> \t\t\t<img loading=\"lazy\" decoding=\"async\" width=\"2344\" height=\"1560\" src=\"https:\/\/francoeadriana.it\/wp-content\/uploads\/2024\/04\/GRF6116-Edit.jpg\" class=\"attachment-full size-full\" alt=\"\" srcset=\"https:\/\/francoeadriana.it\/wp-content\/uploads\/2024\/04\/GRF6116-Edit.jpg 2344w, https:\/\/francoeadriana.it\/wp-content\/uploads\/2024\/04\/GRF6116-Edit-300x200.jpg 300w, https:\/\/francoeadriana.it\/wp-content\/uploads\/2024\/04\/GRF6116-Edit-1024x682.jpg 1024w, https:\/\/francoeadriana.it\/wp-content\/uploads\/2024\/04\/GRF6116-Edit-768x511.jpg 768w, https:\/\/francoeadriana.it\/wp-content\/uploads\/2024\/04\/GRF6116-Edit-1536x1022.jpg 1536w, https:\/\/francoeadriana.it\/wp-content\/uploads\/2024\/04\/GRF6116-Edit-2048x1363.jpg 2048w\" sizes=\"(max-width: 2344px) 100vw, 2344px\" \/>\t<\/div>\t<div class=\"qodef-m-content\">\n\t\t\t<h3 class=\"qodef-m-title\" >\n\t\t\t\t\tHochzeitsmen\u00fc\t\t\t<\/h3>\n\t\t\t<p class=\"qodef-m-text\" >Unser Engagement f\u00fcr Spitzenqualit\u00e4t erstreckt sich auch auf unser Hochzeitsmen\u00fc, bei dem das Streben nach Qualit\u00e4t und die Aufwertung einzelner Rohstoffe im Mittelpunkt jedes Gerichts stehen. Unser K\u00fcchenchef Raffaele D\u2019Errico ist bereit, ein raffiniertes und personalisiertes Men\u00fc zu kreieren, inspiriert von Ihrem Geschmack, Ihren Bed\u00fcrfnissen und Ihrer Liebesgeschichte, um Ihre G\u00e4ste zu begeistern und Ihre Hochzeit noch unvergesslicher zu machen.<\/p>\n\t\t\t<\/div>\n<\/div>\t\t\t\t<\/div>\n\t\t\t\t<\/div>\n\t\t\t\t\t<\/div>\n\t\t<\/div>\n\t\t\t\t\t<\/div>\n\t\t<\/section>\n\t\t\t\t<\/div>\n\t\t","protected":false},"excerpt":{"rendered":"<p>Willkommen zu unserem exklusiven Hochzeitsplanungsservice im Hotel Da Franco e Adriana, wo jeder Traum der Liebe in einem einzigartigen und unvergesslichen Ereignis seine Erf\u00fcllung findet. Wir sind der festen \u00dcberzeugung, dass jede Hochzeit ein individuelles Erlebnis sein sollte, das die einzigartige Geschichte und die W\u00fcnsche jedes Paares widerspiegelt. Aus diesem Grund widmen wir uns mit [&hellip;]<\/p>\n","protected":false},"author":1,"featured_media":0,"parent":0,"menu_order":0,"comment_status":"closed","ping_status":"closed","template":"page-full-width.php","meta":{"inline_featured_image":false,"footnotes":""},"class_list":["post-4693","page","type-page","status-publish","hentry"],"yoast_head":"<!-- This site is optimized with the Yoast SEO plugin v27.3 - https:\/\/yoast.com\/product\/yoast-seo-wordpress\/ -->\n<title>Hochzeit - Franco e Adriana Hotel Ristorante<\/title>\n<meta name=\"robots\" content=\"index, follow, max-snippet:-1, max-image-preview:large, max-video-preview:-1\" \/>\n<link rel=\"canonical\" href=\"https:\/\/francoeadriana.it\/de\/matrimoni\/\" \/>\n<meta property=\"og:locale\" content=\"de_DE\" \/>\n<meta property=\"og:type\" content=\"article\" \/>\n<meta property=\"og:title\" content=\"Hochzeit - Franco e Adriana Hotel Ristorante\" \/>\n<meta property=\"og:description\" content=\"Willkommen zu unserem exklusiven Hochzeitsplanungsservice im Hotel Da Franco e Adriana, wo jeder Traum der Liebe in einem einzigartigen und unvergesslichen Ereignis seine Erf\u00fcllung findet. Wir sind der festen \u00dcberzeugung, dass jede Hochzeit ein individuelles Erlebnis sein sollte, das die einzigartige Geschichte und die W\u00fcnsche jedes Paares widerspiegelt. Aus diesem Grund widmen wir uns mit [&hellip;]\" \/>\n<meta property=\"og:url\" content=\"https:\/\/francoeadriana.it\/de\/matrimoni\/\" \/>\n<meta property=\"og:site_name\" content=\"Franco e Adriana Hotel Ristorante\" \/>\n<meta property=\"article:modified_time\" content=\"2025-04-24T14:01:04+00:00\" \/>\n<meta property=\"og:image\" content=\"https:\/\/francoeadriana.it\/wp-content\/uploads\/2024\/04\/ga-742-scaled.jpg\" \/>\n<meta name=\"twitter:card\" content=\"summary_large_image\" \/>\n<meta name=\"twitter:label1\" content=\"Gesch\u00e4tzte Lesezeit\" \/>\n\t<meta name=\"twitter:data1\" content=\"1\u00a0Minute\" \/>\n<script type=\"application\/ld+json\" class=\"yoast-schema-graph\">{\"@context\":\"https:\\\/\\\/schema.org\",\"@graph\":[{\"@type\":\"WebPage\",\"@id\":\"https:\\\/\\\/francoeadriana.it\\\/de\\\/matrimoni\\\/\",\"url\":\"https:\\\/\\\/francoeadriana.it\\\/de\\\/matrimoni\\\/\",\"name\":\"Hochzeit - Franco e Adriana Hotel Ristorante\",\"isPartOf\":{\"@id\":\"https:\\\/\\\/francoeadriana.it\\\/#website\"},\"primaryImageOfPage\":{\"@id\":\"https:\\\/\\\/francoeadriana.it\\\/de\\\/matrimoni\\\/#primaryimage\"},\"image\":{\"@id\":\"https:\\\/\\\/francoeadriana.it\\\/de\\\/matrimoni\\\/#primaryimage\"},\"thumbnailUrl\":\"https:\\\/\\\/francoeadriana.it\\\/wp-content\\\/uploads\\\/2024\\\/04\\\/ga-742-scaled.jpg\",\"datePublished\":\"2024-04-11T10:28:26+00:00\",\"dateModified\":\"2025-04-24T14:01:04+00:00\",\"breadcrumb\":{\"@id\":\"https:\\\/\\\/francoeadriana.it\\\/de\\\/matrimoni\\\/#breadcrumb\"},\"inLanguage\":\"de\",\"potentialAction\":[{\"@type\":\"ReadAction\",\"target\":[\"https:\\\/\\\/francoeadriana.it\\\/de\\\/matrimoni\\\/\"]}]},{\"@type\":\"ImageObject\",\"inLanguage\":\"de\",\"@id\":\"https:\\\/\\\/francoeadriana.it\\\/de\\\/matrimoni\\\/#primaryimage\",\"url\":\"https:\\\/\\\/francoeadriana.it\\\/wp-content\\\/uploads\\\/2024\\\/04\\\/ga-742-scaled.jpg\",\"contentUrl\":\"https:\\\/\\\/francoeadriana.it\\\/wp-content\\\/uploads\\\/2024\\\/04\\\/ga-742-scaled.jpg\"},{\"@type\":\"BreadcrumbList\",\"@id\":\"https:\\\/\\\/francoeadriana.it\\\/de\\\/matrimoni\\\/#breadcrumb\",\"itemListElement\":[{\"@type\":\"ListItem\",\"position\":1,\"name\":\"Home\",\"item\":\"https:\\\/\\\/francoeadriana.it\\\/de\\\/\"},{\"@type\":\"ListItem\",\"position\":2,\"name\":\"Hochzeit\"}]},{\"@type\":\"WebSite\",\"@id\":\"https:\\\/\\\/francoeadriana.it\\\/#website\",\"url\":\"https:\\\/\\\/francoeadriana.it\\\/\",\"name\":\"Franco e Adriana Hotel Ristorante\",\"description\":\"\",\"potentialAction\":[{\"@type\":\"SearchAction\",\"target\":{\"@type\":\"EntryPoint\",\"urlTemplate\":\"https:\\\/\\\/francoeadriana.it\\\/?s={search_term_string}\"},\"query-input\":{\"@type\":\"PropertyValueSpecification\",\"valueRequired\":true,\"valueName\":\"search_term_string\"}}],\"inLanguage\":\"de\"}]}<\/script>\n<!-- \/ Yoast SEO plugin. -->","yoast_head_json":{"title":"Hochzeit - Franco e Adriana Hotel Ristorante","robots":{"index":"index","follow":"follow","max-snippet":"max-snippet:-1","max-image-preview":"max-image-preview:large","max-video-preview":"max-video-preview:-1"},"canonical":"https:\/\/francoeadriana.it\/de\/matrimoni\/","og_locale":"de_DE","og_type":"article","og_title":"Hochzeit - Franco e Adriana Hotel Ristorante","og_description":"Willkommen zu unserem exklusiven Hochzeitsplanungsservice im Hotel Da Franco e Adriana, wo jeder Traum der Liebe in einem einzigartigen und unvergesslichen Ereignis seine Erf\u00fcllung findet. Wir sind der festen \u00dcberzeugung, dass jede Hochzeit ein individuelles Erlebnis sein sollte, das die einzigartige Geschichte und die W\u00fcnsche jedes Paares widerspiegelt. Aus diesem Grund widmen wir uns mit [&hellip;]","og_url":"https:\/\/francoeadriana.it\/de\/matrimoni\/","og_site_name":"Franco e Adriana Hotel Ristorante","article_modified_time":"2025-04-24T14:01:04+00:00","og_image":[{"url":"https:\/\/francoeadriana.it\/wp-content\/uploads\/2024\/04\/ga-742-scaled.jpg","type":"","width":"","height":""}],"twitter_card":"summary_large_image","twitter_misc":{"Gesch\u00e4tzte Lesezeit":"1\u00a0Minute"},"schema":{"@context":"https:\/\/schema.org","@graph":[{"@type":"WebPage","@id":"https:\/\/francoeadriana.it\/de\/matrimoni\/","url":"https:\/\/francoeadriana.it\/de\/matrimoni\/","name":"Hochzeit - Franco e Adriana Hotel Ristorante","isPartOf":{"@id":"https:\/\/francoeadriana.it\/#website"},"primaryImageOfPage":{"@id":"https:\/\/francoeadriana.it\/de\/matrimoni\/#primaryimage"},"image":{"@id":"https:\/\/francoeadriana.it\/de\/matrimoni\/#primaryimage"},"thumbnailUrl":"https:\/\/francoeadriana.it\/wp-content\/uploads\/2024\/04\/ga-742-scaled.jpg","datePublished":"2024-04-11T10:28:26+00:00","dateModified":"2025-04-24T14:01:04+00:00","breadcrumb":{"@id":"https:\/\/francoeadriana.it\/de\/matrimoni\/#breadcrumb"},"inLanguage":"de","potentialAction":[{"@type":"ReadAction","target":["https:\/\/francoeadriana.it\/de\/matrimoni\/"]}]},{"@type":"ImageObject","inLanguage":"de","@id":"https:\/\/francoeadriana.it\/de\/matrimoni\/#primaryimage","url":"https:\/\/francoeadriana.it\/wp-content\/uploads\/2024\/04\/ga-742-scaled.jpg","contentUrl":"https:\/\/francoeadriana.it\/wp-content\/uploads\/2024\/04\/ga-742-scaled.jpg"},{"@type":"BreadcrumbList","@id":"https:\/\/francoeadriana.it\/de\/matrimoni\/#breadcrumb","itemListElement":[{"@type":"ListItem","position":1,"name":"Home","item":"https:\/\/francoeadriana.it\/de\/"},{"@type":"ListItem","position":2,"name":"Hochzeit"}]},{"@type":"WebSite","@id":"https:\/\/francoeadriana.it\/#website","url":"https:\/\/francoeadriana.it\/","name":"Franco e Adriana Hotel Ristorante","description":"","potentialAction":[{"@type":"SearchAction","target":{"@type":"EntryPoint","urlTemplate":"https:\/\/francoeadriana.it\/?s={search_term_string}"},"query-input":{"@type":"PropertyValueSpecification","valueRequired":true,"valueName":"search_term_string"}}],"inLanguage":"de"}]}},"_links":{"self":[{"href":"https:\/\/francoeadriana.it\/de\/wp-json\/wp\/v2\/pages\/4693","targetHints":{"allow":["GET"]}}],"collection":[{"href":"https:\/\/francoeadriana.it\/de\/wp-json\/wp\/v2\/pages"}],"about":[{"href":"https:\/\/francoeadriana.it\/de\/wp-json\/wp\/v2\/types\/page"}],"author":[{"embeddable":true,"href":"https:\/\/francoeadriana.it\/de\/wp-json\/wp\/v2\/users\/1"}],"replies":[{"embeddable":true,"href":"https:\/\/francoeadriana.it\/de\/wp-json\/wp\/v2\/comments?post=4693"}],"version-history":[{"count":22,"href":"https:\/\/francoeadriana.it\/de\/wp-json\/wp\/v2\/pages\/4693\/revisions"}],"predecessor-version":[{"id":5076,"href":"https:\/\/francoeadriana.it\/de\/wp-json\/wp\/v2\/pages\/4693\/revisions\/5076"}],"wp:attachment":[{"href":"https:\/\/francoeadriana.it\/de\/wp-json\/wp\/v2\/media?parent=4693"}],"curies":[{"name":"wp","href":"https:\/\/api.w.org\/{rel}","templated":true}]}}