{"id":4727,"date":"2020-04-03T15:05:27","date_gmt":"2020-04-03T15:05:27","guid":{"rendered":"https:\/\/www.francoeadriana.it.graffitiweb.site\/territorio\/"},"modified":"2026-03-02T10:53:32","modified_gmt":"2026-03-02T10:53:32","slug":"territorio","status":"publish","type":"page","link":"https:\/\/francoeadriana.it\/de\/territorio\/","title":{"rendered":"Ledro"},"content":{"rendered":"\t\t<div data-elementor-type=\"wp-post\" data-elementor-id=\"4727\" class=\"elementor elementor-4727 elementor-361\">\n\t\t\t\t\t\t<section class=\"elementor-section elementor-top-section elementor-element elementor-element-2485f60 elementor-section-full_width qodef-elementor-content-grid elementor-section-height-default elementor-section-height-default\" data-id=\"2485f60\" data-element_type=\"section\" data-e-type=\"section\">\n\t\t\t\t\t\t<div class=\"elementor-container elementor-column-gap-no\">\n\t\t\t\t\t<div class=\"elementor-column elementor-col-100 elementor-top-column elementor-element elementor-element-93a07ac\" data-id=\"93a07ac\" data-element_type=\"column\" data-e-type=\"column\">\n\t\t\t<div class=\"elementor-widget-wrap elementor-element-populated\">\n\t\t\t\t\t\t<div class=\"elementor-element elementor-element-723b738 elementor-widget elementor-widget-gaspard_core_section_title\" data-id=\"723b738\" data-element_type=\"widget\" data-e-type=\"widget\" data-widget_type=\"gaspard_core_section_title.default\">\n\t\t\t\t<div class=\"elementor-widget-container\">\n\t\t\t\t\t<div class=\"qodef-shortcode qodef-m  qodef-section-title qodef-alignment--center  qodef--has-appear\">\n\t\t<h3 class=\"qodef-m-title\" >\n\tWillkommen in Ledro\t<\/h3>\n\t\t<p class=\"qodef-m-subtitle\" style=\"margin-top: -5px;padding: 0 31%\">einem versteckten Juwel inmitten der majest\u00e4tischen Berge der Trentino-Dolomiten, wo wilde Natur harmonisch mit lokaler Geschichte und Tradition verschmilzt.<\/p>\n\t\t<div class=\"qodef-m-text\" >\n\t\t<p>Eingebettet in die Ruhe und Sch\u00f6nheit seiner Landschaften ist Ledro eine Oase der Ruhe und Gelassenheit, ideal f\u00fcr alle, die der Hektik des Alltags entfliehen m\u00f6chten. Hier besticht der Ledrosee durch seine t\u00fcrkisfarbene Farbe, umgeben von gr\u00fcnen W\u00e4ldern und imposanten Berggipfeln und bietet ein Naturschauspiel von seltener Sch\u00f6nheit, das die Besucher zu jeder Jahreszeit verzaubert.<\/p>\t<\/div>\n\t\t<\/div>\t\t\t\t<\/div>\n\t\t\t\t<\/div>\n\t\t\t\t\t<\/div>\n\t\t<\/div>\n\t\t\t\t\t<\/div>\n\t\t<\/section>\n\t\t\t\t<section class=\"elementor-section elementor-top-section elementor-element elementor-element-3a8cee04 elementor-section-full_width qodef-custom-landing-columns elementor-section-height-default elementor-section-height-default qodef-elementor-content-no\" data-id=\"3a8cee04\" data-element_type=\"section\" data-e-type=\"section\">\n\t\t\t\t\t\t<div class=\"elementor-container elementor-column-gap-no\">\n\t\t\t\t\t<div class=\"elementor-column elementor-col-50 elementor-top-column elementor-element elementor-element-5743ff66\" data-id=\"5743ff66\" data-element_type=\"column\" data-e-type=\"column\">\n\t\t\t<div class=\"elementor-widget-wrap elementor-element-populated\">\n\t\t\t\t\t\t<div class=\"elementor-element elementor-element-34874d title-medium elementor-widget elementor-widget-gaspard_core_image_with_text\" data-id=\"34874d\" data-element_type=\"widget\" data-e-type=\"widget\" data-widget_type=\"gaspard_core_image_with_text.default\">\n\t\t\t\t<div class=\"elementor-widget-container\">\n\t\t\t\t\t<div class=\"qodef-shortcode qodef-m  qodef-image-with-text qodef-layout--text-below \">\n\t<div class=\"qodef-m-image\"> \t\t\t<img fetchpriority=\"high\" decoding=\"async\" width=\"1202\" height=\"800\" src=\"https:\/\/francoeadriana.it\/wp-content\/uploads\/2025\/04\/valle-di-ledro-lago-di-ledro_24861.jpg\" class=\"attachment-full size-full\" alt=\"\" srcset=\"https:\/\/francoeadriana.it\/wp-content\/uploads\/2025\/04\/valle-di-ledro-lago-di-ledro_24861.jpg 1202w, https:\/\/francoeadriana.it\/wp-content\/uploads\/2025\/04\/valle-di-ledro-lago-di-ledro_24861-300x200.jpg 300w, https:\/\/francoeadriana.it\/wp-content\/uploads\/2025\/04\/valle-di-ledro-lago-di-ledro_24861-1024x682.jpg 1024w, https:\/\/francoeadriana.it\/wp-content\/uploads\/2025\/04\/valle-di-ledro-lago-di-ledro_24861-768x511.jpg 768w\" sizes=\"(max-width: 1202px) 100vw, 1202px\" \/>\t<\/div>\t<div class=\"qodef-m-content\">\n\t\t\t<h3 class=\"qodef-m-title\" >\n\t\t\t\t\tOutdoor\t\t\t<\/h3>\n\t\t\t<p class=\"qodef-m-text\" >Outdoor-Fans finden in Ledro ihr pers\u00f6nliches Paradies mit einem ausgedehnten Netz aus Wander- und Radwegen, die sich durch atemberaubende Aussichten und alte D\u00f6rfer mit zeitlosem Charme schl\u00e4ngeln. Zu den eindrucksvollsten Ausfl\u00fcgen z\u00e4hlen Spazierg\u00e4nge am Seeufer, die Momente der Ruhe und Besinnung bieten, sowie Aufstiege auf die umliegenden Gipfel, die den Wanderer mit spektakul\u00e4ren Ausblicken auf die gesamte Umgebung belohnen.<\/p>\n\t\t\t<\/div>\n<\/div>\t\t\t\t<\/div>\n\t\t\t\t<\/div>\n\t\t\t\t\t<\/div>\n\t\t<\/div>\n\t\t\t\t<div class=\"elementor-column elementor-col-50 elementor-top-column elementor-element elementor-element-1228dc9f\" data-id=\"1228dc9f\" data-element_type=\"column\" data-e-type=\"column\">\n\t\t\t<div class=\"elementor-widget-wrap elementor-element-populated\">\n\t\t\t\t\t\t<div class=\"elementor-element elementor-element-7e8f7ac7 title-medium elementor-widget elementor-widget-gaspard_core_image_with_text\" data-id=\"7e8f7ac7\" data-element_type=\"widget\" data-e-type=\"widget\" data-widget_type=\"gaspard_core_image_with_text.default\">\n\t\t\t\t<div class=\"elementor-widget-container\">\n\t\t\t\t\t<div class=\"qodef-shortcode qodef-m  qodef-image-with-text qodef-layout--text-below \">\n\t<div class=\"qodef-m-image\"> \t\t\t<a itemprop=\"url\" href=\"\/storia-e-cultura\/\">\n\t\t\t<img decoding=\"async\" width=\"1202\" height=\"800\" src=\"https:\/\/francoeadriana.it\/wp-content\/uploads\/2025\/04\/valle-di-ledro-lago-di-ledro-e-palafitta_24866.jpg\" class=\"attachment-full size-full\" alt=\"\" srcset=\"https:\/\/francoeadriana.it\/wp-content\/uploads\/2025\/04\/valle-di-ledro-lago-di-ledro-e-palafitta_24866.jpg 1202w, https:\/\/francoeadriana.it\/wp-content\/uploads\/2025\/04\/valle-di-ledro-lago-di-ledro-e-palafitta_24866-300x200.jpg 300w, https:\/\/francoeadriana.it\/wp-content\/uploads\/2025\/04\/valle-di-ledro-lago-di-ledro-e-palafitta_24866-1024x682.jpg 1024w, https:\/\/francoeadriana.it\/wp-content\/uploads\/2025\/04\/valle-di-ledro-lago-di-ledro-e-palafitta_24866-768x511.jpg 768w\" sizes=\"(max-width: 1202px) 100vw, 1202px\" \/>\t\t\t<\/a>\n\t<\/div>\t<div class=\"qodef-m-content\">\n\t\t\t<h3 class=\"qodef-m-title\" >\n\t\t\t\t\t<a itemprop=\"url\" href=\"\/storia-e-cultura\/\" target=\"\">\n\t\t\t\t\tGeschichte und Kultur\t\t\t\t\t<\/a>\n\t\t\t<\/h3>\n\t\t\t<p class=\"qodef-m-text\" >Aber Ledro ist nicht nur unber\u00fchrte Natur: Es ist auch Geschichte und antike Kultur, wie die zahlreichen arch\u00e4ologischen Funde aus der Bronzezeit bezeugen, die im Pfahlbaumuseum von Ledro bewundert werden k\u00f6nnen, einer wahren Zeitreise auf der Entdeckungsreise der antiken Zivilisationen, die dieses Land bewohnten.<\/p>\n\t\t\t<\/div>\n<\/div>\t\t\t\t<\/div>\n\t\t\t\t<\/div>\n\t\t\t\t\t<\/div>\n\t\t<\/div>\n\t\t\t\t\t<\/div>\n\t\t<\/section>\n\t\t\t\t<section class=\"elementor-section elementor-top-section elementor-element elementor-element-971db9e elementor-section-full_width qodef-custom-landing-columns elementor-section-height-default elementor-section-height-default qodef-elementor-content-no\" data-id=\"971db9e\" data-element_type=\"section\" data-e-type=\"section\">\n\t\t\t\t\t\t<div class=\"elementor-container elementor-column-gap-no\">\n\t\t\t\t\t<div class=\"elementor-column elementor-col-50 elementor-top-column elementor-element elementor-element-0d9333b\" data-id=\"0d9333b\" data-element_type=\"column\" data-e-type=\"column\">\n\t\t\t<div class=\"elementor-widget-wrap elementor-element-populated\">\n\t\t\t\t\t\t<div class=\"elementor-element elementor-element-dfc4bc8 title-medium elementor-widget elementor-widget-gaspard_core_image_with_text\" data-id=\"dfc4bc8\" data-element_type=\"widget\" data-e-type=\"widget\" data-widget_type=\"gaspard_core_image_with_text.default\">\n\t\t\t\t<div class=\"elementor-widget-container\">\n\t\t\t\t\t<div class=\"qodef-shortcode qodef-m  qodef-image-with-text qodef-layout--text-below \">\n\t<div class=\"qodef-m-image\"> \t\t\t<img decoding=\"async\" width=\"1920\" height=\"1279\" src=\"https:\/\/francoeadriana.it\/wp-content\/uploads\/2024\/05\/LagoDiLedro.jpg\" class=\"attachment-full size-full\" alt=\"\" srcset=\"https:\/\/francoeadriana.it\/wp-content\/uploads\/2024\/05\/LagoDiLedro.jpg 1920w, https:\/\/francoeadriana.it\/wp-content\/uploads\/2024\/05\/LagoDiLedro-300x200.jpg 300w, https:\/\/francoeadriana.it\/wp-content\/uploads\/2024\/05\/LagoDiLedro-1024x682.jpg 1024w, https:\/\/francoeadriana.it\/wp-content\/uploads\/2024\/05\/LagoDiLedro-768x512.jpg 768w, https:\/\/francoeadriana.it\/wp-content\/uploads\/2024\/05\/LagoDiLedro-1536x1023.jpg 1536w\" sizes=\"(max-width: 1920px) 100vw, 1920px\" \/>\t<\/div>\t<div class=\"qodef-m-content\">\n\t\t\t<h3 class=\"qodef-m-title\" >\n\t\t\t\t\tEntspannung und Spa\u00df \t\t\t<\/h3>\n\t\t\t<p class=\"qodef-m-text\" >Und wer Entspannung und Spa\u00df verbinden m\u00f6chte, findet an den Str\u00e4nden des Ledrosees die perfekte Gelegenheit, Sonne und kristallklares Wasser in einer nat\u00fcrlichen und unber\u00fchrten Umgebung zu genie\u00dfen, w\u00e4hrend sportliche Aktivit\u00e4ten, vom Klettern bis zum Segeln, die Bed\u00fcrfnisse jedes Reisenden befriedigen.<\/p>\n\t\t\t<\/div>\n<\/div>\t\t\t\t<\/div>\n\t\t\t\t<\/div>\n\t\t\t\t\t<\/div>\n\t\t<\/div>\n\t\t\t\t<div class=\"elementor-column elementor-col-50 elementor-top-column elementor-element elementor-element-cf29d83\" data-id=\"cf29d83\" data-element_type=\"column\" data-e-type=\"column\">\n\t\t\t<div class=\"elementor-widget-wrap elementor-element-populated\">\n\t\t\t\t\t\t<div class=\"elementor-element elementor-element-8b6bef3 title-medium elementor-widget elementor-widget-gaspard_core_image_with_text\" data-id=\"8b6bef3\" data-element_type=\"widget\" data-e-type=\"widget\" data-widget_type=\"gaspard_core_image_with_text.default\">\n\t\t\t\t<div class=\"elementor-widget-container\">\n\t\t\t\t\t<div class=\"qodef-shortcode qodef-m  qodef-image-with-text qodef-layout--text-below \">\n\t<div class=\"qodef-m-image\"> \t\t\t<img loading=\"lazy\" decoding=\"async\" width=\"1202\" height=\"800\" src=\"https:\/\/francoeadriana.it\/wp-content\/uploads\/2025\/04\/046_vallediledro-lago-lake-meer-di-ledro-r-2014robertovuilleumier-web.jpg\" class=\"attachment-full size-full\" alt=\"\" srcset=\"https:\/\/francoeadriana.it\/wp-content\/uploads\/2025\/04\/046_vallediledro-lago-lake-meer-di-ledro-r-2014robertovuilleumier-web.jpg 1202w, https:\/\/francoeadriana.it\/wp-content\/uploads\/2025\/04\/046_vallediledro-lago-lake-meer-di-ledro-r-2014robertovuilleumier-web-300x200.jpg 300w, https:\/\/francoeadriana.it\/wp-content\/uploads\/2025\/04\/046_vallediledro-lago-lake-meer-di-ledro-r-2014robertovuilleumier-web-1024x682.jpg 1024w, https:\/\/francoeadriana.it\/wp-content\/uploads\/2025\/04\/046_vallediledro-lago-lake-meer-di-ledro-r-2014robertovuilleumier-web-768x511.jpg 768w\" sizes=\"(max-width: 1202px) 100vw, 1202px\" \/>\t<\/div>\t<div class=\"qodef-m-content\">\n\t\t\t<h3 class=\"qodef-m-title\" >\n\t\t\t\t\tLedro\t\t\t<\/h3>\n\t\t\t<p class=\"qodef-m-text\" >Willkommen in Ledro, wo jeder Schritt eine Entdeckung, jede Landschaft eine Emotion und jeder Moment ein Erlebnis ist, das intensiv erlebt werden muss. Wir sind bereit, Sie willkommen zu hei\u00dfen und Ihnen dabei zu helfen, das authentische Herz der Trentiner Dolomiten zu entdecken, einen Ort, an dem die Sch\u00f6nheit der Natur und die W\u00e4rme der Gastfreundschaft Sie f\u00fcr immer erobern werden.<\/p>\n\t\t\t<\/div>\n<\/div>\t\t\t\t<\/div>\n\t\t\t\t<\/div>\n\t\t\t\t\t<\/div>\n\t\t<\/div>\n\t\t\t\t\t<\/div>\n\t\t<\/section>\n\t\t\t\t<section class=\"elementor-section elementor-top-section elementor-element elementor-element-af10b52 elementor-section-full_width qodef-elementor-content-grid elementor-hidden-desktop elementor-hidden-tablet elementor-hidden-mobile elementor-section-height-default elementor-section-height-default\" data-id=\"af10b52\" data-element_type=\"section\" data-e-type=\"section\">\n\t\t\t\t\t\t<div class=\"elementor-container elementor-column-gap-no\">\n\t\t\t\t\t<div class=\"elementor-column elementor-col-100 elementor-top-column elementor-element elementor-element-2a55c45\" data-id=\"2a55c45\" data-element_type=\"column\" data-e-type=\"column\">\n\t\t\t<div class=\"elementor-widget-wrap elementor-element-populated\">\n\t\t\t\t\t\t<div class=\"elementor-element elementor-element-b865c87 elementor-widget elementor-widget-gaspard_core_section_title\" data-id=\"b865c87\" data-element_type=\"widget\" data-e-type=\"widget\" data-widget_type=\"gaspard_core_section_title.default\">\n\t\t\t\t<div class=\"elementor-widget-container\">\n\t\t\t\t\t<div class=\"qodef-shortcode qodef-m  qodef-section-title qodef-alignment--center  qodef--has-appear\">\n\t\t\t\t<div class=\"qodef-m-text\" >\n\t\t<p>Siamo pronti ad<br \/>accogliervi e a farvi scoprire il cuore autentico delle Dolomiti Trentine, un luogo dove la bellezza<br \/>della natura e il calore dell'accoglienza vi conquisteranno per sempre.<\/p>\t<\/div>\n\t\t<\/div>\t\t\t\t<\/div>\n\t\t\t\t<\/div>\n\t\t\t\t\t<\/div>\n\t\t<\/div>\n\t\t\t\t\t<\/div>\n\t\t<\/section>\n\t\t\t\t<\/div>\n\t\t","protected":false},"excerpt":{"rendered":"<p>Willkommen in Ledro einem versteckten Juwel inmitten der majest\u00e4tischen Berge der Trentino-Dolomiten, wo wilde Natur harmonisch mit lokaler Geschichte und Tradition verschmilzt. Eingebettet in die Ruhe und Sch\u00f6nheit seiner Landschaften ist Ledro eine Oase der Ruhe und Gelassenheit, ideal f\u00fcr alle, die der Hektik des Alltags entfliehen m\u00f6chten. Hier besticht der Ledrosee durch seine t\u00fcrkisfarbene [&hellip;]<\/p>\n","protected":false},"author":1,"featured_media":0,"parent":0,"menu_order":0,"comment_status":"closed","ping_status":"closed","template":"page-full-width.php","meta":{"inline_featured_image":false,"footnotes":""},"class_list":["post-4727","page","type-page","status-publish","hentry"],"yoast_head":"<!-- This site is optimized with the Yoast SEO plugin v27.3 - https:\/\/yoast.com\/product\/yoast-seo-wordpress\/ -->\n<title>Ledro - Franco e Adriana Hotel Ristorante<\/title>\n<meta name=\"robots\" content=\"index, follow, max-snippet:-1, max-image-preview:large, max-video-preview:-1\" \/>\n<link rel=\"canonical\" href=\"https:\/\/francoeadriana.it\/de\/territorio\/\" \/>\n<meta property=\"og:locale\" content=\"de_DE\" \/>\n<meta property=\"og:type\" content=\"article\" \/>\n<meta property=\"og:title\" content=\"Ledro - Franco e Adriana Hotel Ristorante\" \/>\n<meta property=\"og:description\" content=\"Willkommen in Ledro einem versteckten Juwel inmitten der majest\u00e4tischen Berge der Trentino-Dolomiten, wo wilde Natur harmonisch mit lokaler Geschichte und Tradition verschmilzt. Eingebettet in die Ruhe und Sch\u00f6nheit seiner Landschaften ist Ledro eine Oase der Ruhe und Gelassenheit, ideal f\u00fcr alle, die der Hektik des Alltags entfliehen m\u00f6chten. Hier besticht der Ledrosee durch seine t\u00fcrkisfarbene [&hellip;]\" \/>\n<meta property=\"og:url\" content=\"https:\/\/francoeadriana.it\/de\/territorio\/\" \/>\n<meta property=\"og:site_name\" content=\"Franco e Adriana Hotel Ristorante\" \/>\n<meta property=\"article:modified_time\" content=\"2026-03-02T10:53:32+00:00\" \/>\n<meta property=\"og:image\" content=\"https:\/\/francoeadriana.it\/wp-content\/uploads\/2025\/04\/valle-di-ledro-lago-di-ledro_24861.jpg\" \/>\n<meta name=\"twitter:card\" content=\"summary_large_image\" \/>\n<meta name=\"twitter:label1\" content=\"Gesch\u00e4tzte Lesezeit\" \/>\n\t<meta name=\"twitter:data1\" content=\"2\u00a0Minuten\" \/>\n<script type=\"application\/ld+json\" class=\"yoast-schema-graph\">{\"@context\":\"https:\\\/\\\/schema.org\",\"@graph\":[{\"@type\":\"WebPage\",\"@id\":\"https:\\\/\\\/francoeadriana.it\\\/de\\\/territorio\\\/\",\"url\":\"https:\\\/\\\/francoeadriana.it\\\/de\\\/territorio\\\/\",\"name\":\"Ledro - Franco e Adriana Hotel Ristorante\",\"isPartOf\":{\"@id\":\"https:\\\/\\\/francoeadriana.it\\\/#website\"},\"primaryImageOfPage\":{\"@id\":\"https:\\\/\\\/francoeadriana.it\\\/de\\\/territorio\\\/#primaryimage\"},\"image\":{\"@id\":\"https:\\\/\\\/francoeadriana.it\\\/de\\\/territorio\\\/#primaryimage\"},\"thumbnailUrl\":\"https:\\\/\\\/francoeadriana.it\\\/wp-content\\\/uploads\\\/2025\\\/04\\\/valle-di-ledro-lago-di-ledro_24861.jpg\",\"datePublished\":\"2020-04-03T15:05:27+00:00\",\"dateModified\":\"2026-03-02T10:53:32+00:00\",\"breadcrumb\":{\"@id\":\"https:\\\/\\\/francoeadriana.it\\\/de\\\/territorio\\\/#breadcrumb\"},\"inLanguage\":\"de\",\"potentialAction\":[{\"@type\":\"ReadAction\",\"target\":[\"https:\\\/\\\/francoeadriana.it\\\/de\\\/territorio\\\/\"]}]},{\"@type\":\"ImageObject\",\"inLanguage\":\"de\",\"@id\":\"https:\\\/\\\/francoeadriana.it\\\/de\\\/territorio\\\/#primaryimage\",\"url\":\"https:\\\/\\\/francoeadriana.it\\\/wp-content\\\/uploads\\\/2025\\\/04\\\/valle-di-ledro-lago-di-ledro_24861.jpg\",\"contentUrl\":\"https:\\\/\\\/francoeadriana.it\\\/wp-content\\\/uploads\\\/2025\\\/04\\\/valle-di-ledro-lago-di-ledro_24861.jpg\"},{\"@type\":\"BreadcrumbList\",\"@id\":\"https:\\\/\\\/francoeadriana.it\\\/de\\\/territorio\\\/#breadcrumb\",\"itemListElement\":[{\"@type\":\"ListItem\",\"position\":1,\"name\":\"Home\",\"item\":\"https:\\\/\\\/francoeadriana.it\\\/de\\\/\"},{\"@type\":\"ListItem\",\"position\":2,\"name\":\"Ledro\"}]},{\"@type\":\"WebSite\",\"@id\":\"https:\\\/\\\/francoeadriana.it\\\/#website\",\"url\":\"https:\\\/\\\/francoeadriana.it\\\/\",\"name\":\"Franco e Adriana Hotel Ristorante\",\"description\":\"\",\"potentialAction\":[{\"@type\":\"SearchAction\",\"target\":{\"@type\":\"EntryPoint\",\"urlTemplate\":\"https:\\\/\\\/francoeadriana.it\\\/?s={search_term_string}\"},\"query-input\":{\"@type\":\"PropertyValueSpecification\",\"valueRequired\":true,\"valueName\":\"search_term_string\"}}],\"inLanguage\":\"de\"}]}<\/script>\n<!-- \/ Yoast SEO plugin. -->","yoast_head_json":{"title":"Ledro - Franco e Adriana Hotel Ristorante","robots":{"index":"index","follow":"follow","max-snippet":"max-snippet:-1","max-image-preview":"max-image-preview:large","max-video-preview":"max-video-preview:-1"},"canonical":"https:\/\/francoeadriana.it\/de\/territorio\/","og_locale":"de_DE","og_type":"article","og_title":"Ledro - Franco e Adriana Hotel Ristorante","og_description":"Willkommen in Ledro einem versteckten Juwel inmitten der majest\u00e4tischen Berge der Trentino-Dolomiten, wo wilde Natur harmonisch mit lokaler Geschichte und Tradition verschmilzt. Eingebettet in die Ruhe und Sch\u00f6nheit seiner Landschaften ist Ledro eine Oase der Ruhe und Gelassenheit, ideal f\u00fcr alle, die der Hektik des Alltags entfliehen m\u00f6chten. Hier besticht der Ledrosee durch seine t\u00fcrkisfarbene [&hellip;]","og_url":"https:\/\/francoeadriana.it\/de\/territorio\/","og_site_name":"Franco e Adriana Hotel Ristorante","article_modified_time":"2026-03-02T10:53:32+00:00","og_image":[{"url":"https:\/\/francoeadriana.it\/wp-content\/uploads\/2025\/04\/valle-di-ledro-lago-di-ledro_24861.jpg","type":"","width":"","height":""}],"twitter_card":"summary_large_image","twitter_misc":{"Gesch\u00e4tzte Lesezeit":"2\u00a0Minuten"},"schema":{"@context":"https:\/\/schema.org","@graph":[{"@type":"WebPage","@id":"https:\/\/francoeadriana.it\/de\/territorio\/","url":"https:\/\/francoeadriana.it\/de\/territorio\/","name":"Ledro - Franco e Adriana Hotel Ristorante","isPartOf":{"@id":"https:\/\/francoeadriana.it\/#website"},"primaryImageOfPage":{"@id":"https:\/\/francoeadriana.it\/de\/territorio\/#primaryimage"},"image":{"@id":"https:\/\/francoeadriana.it\/de\/territorio\/#primaryimage"},"thumbnailUrl":"https:\/\/francoeadriana.it\/wp-content\/uploads\/2025\/04\/valle-di-ledro-lago-di-ledro_24861.jpg","datePublished":"2020-04-03T15:05:27+00:00","dateModified":"2026-03-02T10:53:32+00:00","breadcrumb":{"@id":"https:\/\/francoeadriana.it\/de\/territorio\/#breadcrumb"},"inLanguage":"de","potentialAction":[{"@type":"ReadAction","target":["https:\/\/francoeadriana.it\/de\/territorio\/"]}]},{"@type":"ImageObject","inLanguage":"de","@id":"https:\/\/francoeadriana.it\/de\/territorio\/#primaryimage","url":"https:\/\/francoeadriana.it\/wp-content\/uploads\/2025\/04\/valle-di-ledro-lago-di-ledro_24861.jpg","contentUrl":"https:\/\/francoeadriana.it\/wp-content\/uploads\/2025\/04\/valle-di-ledro-lago-di-ledro_24861.jpg"},{"@type":"BreadcrumbList","@id":"https:\/\/francoeadriana.it\/de\/territorio\/#breadcrumb","itemListElement":[{"@type":"ListItem","position":1,"name":"Home","item":"https:\/\/francoeadriana.it\/de\/"},{"@type":"ListItem","position":2,"name":"Ledro"}]},{"@type":"WebSite","@id":"https:\/\/francoeadriana.it\/#website","url":"https:\/\/francoeadriana.it\/","name":"Franco e Adriana Hotel Ristorante","description":"","potentialAction":[{"@type":"SearchAction","target":{"@type":"EntryPoint","urlTemplate":"https:\/\/francoeadriana.it\/?s={search_term_string}"},"query-input":{"@type":"PropertyValueSpecification","valueRequired":true,"valueName":"search_term_string"}}],"inLanguage":"de"}]}},"_links":{"self":[{"href":"https:\/\/francoeadriana.it\/de\/wp-json\/wp\/v2\/pages\/4727","targetHints":{"allow":["GET"]}}],"collection":[{"href":"https:\/\/francoeadriana.it\/de\/wp-json\/wp\/v2\/pages"}],"about":[{"href":"https:\/\/francoeadriana.it\/de\/wp-json\/wp\/v2\/types\/page"}],"author":[{"embeddable":true,"href":"https:\/\/francoeadriana.it\/de\/wp-json\/wp\/v2\/users\/1"}],"replies":[{"embeddable":true,"href":"https:\/\/francoeadriana.it\/de\/wp-json\/wp\/v2\/comments?post=4727"}],"version-history":[{"count":8,"href":"https:\/\/francoeadriana.it\/de\/wp-json\/wp\/v2\/pages\/4727\/revisions"}],"predecessor-version":[{"id":5177,"href":"https:\/\/francoeadriana.it\/de\/wp-json\/wp\/v2\/pages\/4727\/revisions\/5177"}],"wp:attachment":[{"href":"https:\/\/francoeadriana.it\/de\/wp-json\/wp\/v2\/media?parent=4727"}],"curies":[{"name":"wp","href":"https:\/\/api.w.org\/{rel}","templated":true}]}}