{"id":5207,"date":"2023-07-12T09:21:49","date_gmt":"2023-07-12T09:21:49","guid":{"rendered":"https:\/\/francoeadriana.it\/privacy-policy\/"},"modified":"2026-03-23T13:21:33","modified_gmt":"2026-03-23T13:21:33","slug":"privacy-policy","status":"publish","type":"page","link":"https:\/\/francoeadriana.it\/de\/privacy-policy\/","title":{"rendered":"Privacy Policy"},"content":{"rendered":"\t\t<div data-elementor-type=\"wp-page\" data-elementor-id=\"5207\" class=\"elementor elementor-5207 elementor-3\">\n\t\t\t\t\t\t<section class=\"elementor-section elementor-top-section elementor-element elementor-element-639b318 elementor-section-boxed elementor-section-height-default elementor-section-height-default qodef-elementor-content-no\" data-id=\"639b318\" data-element_type=\"section\" data-e-type=\"section\">\n\t\t\t\t\t\t<div class=\"elementor-container elementor-column-gap-default\">\n\t\t\t\t\t<div class=\"elementor-column elementor-col-100 elementor-top-column elementor-element elementor-element-d15f961\" data-id=\"d15f961\" data-element_type=\"column\" data-e-type=\"column\">\n\t\t\t<div class=\"elementor-widget-wrap elementor-element-populated\">\n\t\t\t\t\t\t<div class=\"elementor-element elementor-element-46e239d elementor-widget elementor-widget-html\" data-id=\"46e239d\" data-element_type=\"widget\" data-e-type=\"widget\" data-widget_type=\"html.default\">\n\t\t\t\t<div class=\"elementor-widget-container\">\n\t\t\t\t\t<div class=\"cs-template\"><header>\n        <div class=\"header-wrapper\">\n            <h1>Datenschutzerkl\u00e4rung<\/h1>\n            <div>G\u00fcltig ab: 23-M\u00e4rz-2026<\/div>\n            <div>Aktualisiert am: 23-M\u00e4rz-2026<\/div>\n        <\/div>\n    <\/header>\n    <section>\n        <div class=\"section-wrapper\">\n            <p>\n                Diese Datenschutzerkl\u00e4rung erl\u00e4utert die Richtlinien von https:\/\/francoeadriana.it\/ hinsichtlich der Erhebung, Verwendung, Offenlegung und dem Schutz personenbezogener Daten, die wir erheben, wenn Sie auf https:\/\/francoeadriana.it\/ (den \u201eDienst\u201c) zugreifen. Diese Datenschutzerkl\u00e4rung definiert und beschreibt Ihre Datenschutzrechte sowie den Schutz, den Sie nach den geltenden Datenschutzgesetzen genie\u00dfen.\n            <\/p>\n        <\/div>\n    <\/section>\n    <section>\n        <div class=\"section-wrapper\">\n            <p>\n                Durch die Nutzung unseres Dienstes stimmen Sie der Erhebung und Verwendung Ihrer personenbezogenen Daten gem\u00e4\u00df dieser Datenschutzerkl\u00e4rung zu. Bitte greifen Sie nicht auf unseren Dienst zu und nutzen Sie ihn nicht, wenn Sie der Erhebung und Verwendung Ihrer Informationen, wie in dieser Datenschutzerkl\u00e4rung beschrieben, nicht zustimmen. Diese Datenschutzerkl\u00e4rung wurde mit Hilfe des <a href=\"https:\/\/cookie-script.com\/privacy-policy-generator\" target=\"_blank\">CookieScript Generator f\u00fcr Datenschutzerkl\u00e4rungen<\/a> erstellt.\n            <\/p>\n        <\/div>\n    <\/section>\n        <section>\n        <div class=\"section-wrapper\">\n            <h2>Welche Informationen wir erheben, zu welchen Zwecken und auf welcher Rechtsgrundlage<\/h2>\n            <p>Die nachstehenden Definitionen der Rechtsgrundlagen sind wie folgt zu verstehen:<\/p>\n            <ul>\n                <li><b>Berechtigtes Interesse:<\/b> Interesse des Unternehmens oder eines Dritten, sofern Ihre Interessen oder Grundrechte und -freiheiten nicht \u00fcberwiegen und deren Nutzung Ihrer personenbezogenen Daten in einem angemessenen Verh\u00e4ltnis zu Ihren Rechten und Freiheiten steht.<\/li>\n                <li><b>Vertragserf\u00fcllung:<\/b> Verarbeitung Ihrer personenbezogenen Daten, wenn dies f\u00fcr die Erf\u00fcllung eines Vertrags, dessen Vertragspartei Sie sind, oder zur Durchf\u00fchrung vorvertraglicher Ma\u00dfnahmen erforderlich ist.<\/li>\n                <li><b>Rechtliche Verpflichtungen:<\/b> Verarbeitung Ihrer personenbezogenen Daten, wenn dies f\u00fcr die Erf\u00fcllung einer rechtlichen oder regulatorischen Verpflichtung erforderlich ist, der wir unterliegen.<\/li>\n                <li><b>Einwilligung:<\/b> Ihre Einwilligung bedeutet jede freiwillig erteilte, spezifische, informierte und unmissverst\u00e4ndliche Willensbekundung, mit der Sie durch eine Erkl\u00e4rung oder eine eindeutige best\u00e4tigende Handlung Ihr Einverst\u00e4ndnis mit der Verarbeitung personenbezogener Daten, die Sie betreffen, signalisieren. Wir k\u00f6nnen Ihre Einwilligung einholen, wenn wir keine andere Rechtsgrundlage f\u00fcr die Verarbeitung Ihrer Daten haben.<\/li>\n            <\/ul>\n        <\/div>\n    <\/section>\n                    <section>\n                        <div class=\"section-wrapper\">\n                <h3>Kontaktinformationen<\/h3>\n                <p>\n                    <b>Was wir erheben:<\/b>\n                    Name, Email                    <br>\n                    <b>Zweck:<\/b> Sicherstellung einer korrekten Leistungserbringung und Unterst\u00fctzung bei kontobezogenen Mitteilungen.\n                    <br>\n                    <b>Aufbewahrungsfrist:<\/b> 30 Tage\n                    <br>\n                    <b>Rechtsgrundlage:<\/b> Consent                <\/p>\n            <\/div>\n        <\/section>\n                                                <section>\n        <div class=\"section-wrapper\">\n            <h2>Wie wir Ihre personenbezogenen Daten erhalten<\/h2>\n        <\/div>\n    <\/section>\n            <section>\n            <div class=\"section-wrapper\">\n                <h3>Wir erheben Informationen, die Sie uns direkt bereitstellen, wenn Sie:<\/h3>\n                <ul>\n                                                                <li>Formulare ausf\u00fcllen<\/li>\n                                                        <\/ul>\n            <\/div>\n        <\/section>\n                <section>\n        <div class=\"section-wrapper\">\n            <h3>Pflicht zur Bereitstellung personenbezogener Daten<\/h3> \n            <p>\n                In bestimmten F\u00e4llen ist die Bereitstellung personenbezogener Daten gesetzlich oder vertraglich vorgeschrieben oder zur Durchf\u00fchrung eines Vertrags erforderlich.\n                                                            <\/p>\n        <\/div>\n    <\/section>\n                    <section>\n            <div class=\"section-wrapper\">\n                <p>Wir \u00fcbermitteln keine personenbezogenen Daten in Drittl\u00e4nder au\u00dferhalb des Europ\u00e4ischen Wirtschaftsraums (EWR).<\/p>\n            <\/div>\n        <\/section>\n         \n    <section>\n        <div class=\"section-wrapper\">\n            <h2>Rechte der betroffenen Person<\/h2>\n        <\/div>\n    <\/section>\n    <section>\n        <div class=\"section-wrapper\">\n            <h3>Sie haben folgende Rechte bez\u00fcglich Ihrer personenbezogenen Daten:<\/h3>\n            <ul>\n                <li>\n                    <b>Recht auf Auskunft:<\/b> Sie k\u00f6nnen eine Kopie der personenbezogenen Daten, die wir \u00fcber Sie speichern, anfordern.\n                <\/li>\n                <li>\n                    <b>Recht auf Berichtigung:<\/b> Sie k\u00f6nnen die Berichtigung unrichtiger oder unvollst\u00e4ndiger Informationen verlangen.\n                <\/li>\n                <li>\n                    <b>Recht auf L\u00f6schung (Recht auf Vergessenwerden):<\/b> Unter bestimmten Voraussetzungen k\u00f6nnen Sie die L\u00f6schung Ihrer personenbezogenen Daten verlangen.\n                <\/li>\n                <li>\n                    <b>Recht auf Einschr\u00e4nkung der Verarbeitung:<\/b> Sie k\u00f6nnen die Einschr\u00e4nkung der Verarbeitung Ihrer personenbezogenen Daten unter bestimmten Umst\u00e4nden verlangen.\n                <\/li>\n                <li>\n                    <b>Recht auf Daten\u00fcbertragbarkeit:<\/b> Sie haben das Recht, Ihre personenbezogenen Daten in einem strukturierten, g\u00e4ngigen und maschinenlesbaren Format zu erhalten und diese Daten einem anderen Verantwortlichen zu \u00fcbermitteln.\n                <\/li>\n                <li>\n                    <b>Widerspruchsrecht:<\/b> In bestimmten F\u00e4llen k\u00f6nnen Sie der Verarbeitung Ihrer personenbezogenen Daten widersprechen.\n                <\/li>\n                <li>\n                    <b>Recht auf transparente Information:<\/b> Sie haben das Recht, klare, transparente und leicht verst\u00e4ndliche Informationen dar\u00fcber zu erhalten, wie wir Ihre personenbezogenen Daten verarbeiten.\n                <\/li>\n            <\/ul>\n        <\/div>\n    <\/section>\n    <section>\n        <div class=\"section-wrapper\">\n            <h3>Widerruf der Einwilligung:<\/h3>\n            <p>\n                Gem\u00e4\u00df Artikel 13 Absatz 2 Buchstabe c der DSGVO haben Sie das Recht, Ihre Einwilligung zur Verarbeitung Ihrer personenbezogenen Daten jederzeit zu widerrufen. Als Besucher dieser Website k\u00f6nnen Sie Ihre Einwilligung direkt \u00fcber das auf der Website bereitgestellte Consent-Banner ganz einfach anpassen oder widerrufen. Alternativ k\u00f6nnen Sie sich auch an den Websitebetreiber wenden, dessen Kontaktdaten in dieser Datenschutzerkl\u00e4rung angegeben sind. Bitte beachten Sie, dass der Widerruf Ihrer Einwilligung die Rechtm\u00e4\u00dfigkeit der Verarbeitung, die vor dem Widerruf erfolgte, nicht ber\u00fchrt.\n            <\/p>\n            <p>\n                Um diese Rechte auszu\u00fcben, kontaktieren Sie uns bitte unter info@francoeadriana.it.\n            <\/p>\n            <p>\n                Wir werden Ihre Rechte nur aus\u00fcben, nachdem wir Ihren schriftlichen Antrag zum Aus\u00fcben eines bestimmten Rechts erhalten und Ihre Identit\u00e4t verifiziert haben.\n            <\/p>\n            <p>\n                Ihre Antr\u00e4ge werden innerhalb eines Monats ab dem Eingang des Antrags, der unseren internen Regelungen und der DSGVO entspricht, erf\u00fcllt oder eine Ablehnung mit Angabe der Gr\u00fcnde mitgeteilt. Diese Frist kann um zwei weitere Monate verl\u00e4ngert werden, wenn der Antrag aufgrund des Umfangs der personenbezogenen Daten oder weiterer gleichzeitig bearbeiteter Antr\u00e4ge besonders aufwendig ist. Wir werden Sie innerhalb eines Monats nach Eingang des Antrags \u00fcber eine Verl\u00e4ngerung und die Gr\u00fcnde daf\u00fcr informieren. Die Antwort erfolgt in der von Ihnen gew\u00fcnschten Form.\n            <\/p>\n            <p>\n                Wir k\u00f6nnen die Erf\u00fcllung Ihres Antrags verweigern, wenn die in der DSGVO vorgesehenen Ausnahmen und\/oder Einschr\u00e4nkungen der Rechte der betroffenen Person Anwendung finden oder wenn Ihr Antrag offensichtlich unbegr\u00fcndet oder unverh\u00e4ltnism\u00e4\u00dfig ist. Im Falle einer Ablehnung werden wir Ihnen die Gr\u00fcnde daf\u00fcr schriftlich mitteilen.\n            <\/p>\n        <\/div>\n    <\/section>\n    <section>\n        <div class=\"section-wrapper\">\n            <h2>Beschwerderecht bei einer Aufsichtsbeh\u00f6rde<\/h2>\n            <p>\n                            Sie haben das Recht, bei einer zust\u00e4ndigen Aufsichtsbeh\u00f6rde Beschwerde einzureichen, wenn Sie der Ansicht sind, dass die Verarbeitung Ihrer personenbezogenen Daten gegen geltendes Recht und Ihre Rechte und berechtigten Interessen verst\u00f6\u00dft. Sie k\u00f6nnen gem\u00e4\u00df den f\u00fcr Garante per la protezione dei dati personali der Italienische Republik festgelegten Verfahren vorgehen, die unter folgendem Link zu finden sind: <a target=\"_blank\" href=\"http:\/\/www.garanteprivacy.it\/\">http:\/\/www.garanteprivacy.it\/<\/a>.\n                        <\/p>\n            <p>\n                Bitte beachten Sie, dass trotz aller Bem\u00fchungen kein System vollst\u00e4ndig sicher ist. Wir haben jedoch angemessene Sicherheitsma\u00dfnahmen implementiert, um die Risiken unbefugten Zugriffs auf oder unsachgem\u00e4\u00dfen Verwendung Ihrer personenbezogenen Daten zu minimieren.\n            <\/p>\n        <\/div>\n    <\/section>\n    <section>\n        <div class=\"section-wrapper\">\n            <h2>Sicherheit<\/h2>\n            <p>\n                Wir und unsere Drittanbieter, die im Auftrag der oben genannten Zwecke personenbezogene Daten verarbeiten k\u00f6nnen, sind vertraglich verpflichtet, die Vertraulichkeit dieser Daten zu wahren.\n            <\/p>\n            <p>\n                <\/p><ul>\n                    <li>\n                        Wir setzen angemessene Sicherheitspraktiken und -verfahren ein, um die Vertraulichkeit und Sicherheit Ihrer Informationen, einschlie\u00dflich aller nicht \u00f6ffentlichen personenbezogenen Daten, zu sch\u00fctzen.\n                    <\/li>\n                    <li>\n                        Wir sch\u00fctzen Ihre Daten durch angemessene physische, technische und administrative Sicherheitsma\u00dfnahmen, einschlie\u00dflich der Beschr\u00e4nkung des Zugriffs auf Ihre Informationen auf Mitarbeiter, die diese Informationen kennen m\u00fcssen.\n                    <\/li>\n                <\/ul>\n            <p><\/p>\n        <\/div>\n    <\/section>\n    <section>\n        <div class=\"section-wrapper\">\n            <h2>\u00c4nderungen dieser Richtlinie<\/h2>\n            <p>\n                Wir \u00fcberpr\u00fcfen diese Datenschutzerkl\u00e4rung regelm\u00e4\u00dfig und behalten uns das Recht vor, sie jederzeit in \u00dcbereinstimmung mit geltenden Gesetzen und Vorschriften zu \u00e4ndern. \u00c4nderungen treten mit ihrer Ver\u00f6ffentlichung auf unserer Website sofort in Kraft.\n            <\/p>\n            <p>\n                Bitte \u00fcberpr\u00fcfen Sie diese Datenschutzerkl\u00e4rung von Zeit zu Zeit, um \u00fcber etwaige \u00c4nderungen informiert zu bleiben.\n            <\/p>\n        <\/div>\n    <\/section>\n    <section>\n        <div class=\"section-wrapper\">\n            <h2>Kontakt<\/h2>\n            <p>F\u00fcr Fragen kontaktieren Sie uns bitte \u00fcber folgende Methoden:<\/p>\n            <ul>\n                <li>Name: DA FRANCO E ADRIANA DI CAUZZI ADRIANA &amp; C. S.A.S.<\/li>\n                <li>Adresse: Viale Foletto 5 \u2013 38067 Ledro (TN)<\/li>\n                <li>E-Mail: info@francoeadriana.it<\/li>\n                <li>Website: https:\/\/francoeadriana.it\/<\/li>\n                <li>Telefon: <\/li>\n            <\/ul>\n                    <\/div>\n    <\/section>\n    <footer>\n        <div class=\"footer-wrapper\">\n            <p>Erstellt mit CookieScript<\/p>\n        <\/div>\n    <\/footer><\/div>\t\t\t\t<\/div>\n\t\t\t\t<\/div>\n\t\t\t\t\t<\/div>\n\t\t<\/div>\n\t\t\t\t\t<\/div>\n\t\t<\/section>\n\t\t\t\t<\/div>\n\t\t","protected":false},"excerpt":{"rendered":"<p>Datenschutzerkl\u00e4rung G\u00fcltig ab: 23-M\u00e4rz-2026 Aktualisiert am: 23-M\u00e4rz-2026 Diese Datenschutzerkl\u00e4rung erl\u00e4utert die Richtlinien von https:\/\/francoeadriana.it\/ hinsichtlich der Erhebung, Verwendung, Offenlegung und dem Schutz personenbezogener Daten, die wir erheben, wenn Sie auf https:\/\/francoeadriana.it\/ (den \u201eDienst\u201c) zugreifen. Diese Datenschutzerkl\u00e4rung definiert und beschreibt Ihre Datenschutzrechte sowie den Schutz, den Sie nach den geltenden Datenschutzgesetzen genie\u00dfen. Durch die Nutzung unseres [&hellip;]<\/p>\n","protected":false},"author":1,"featured_media":0,"parent":0,"menu_order":0,"comment_status":"closed","ping_status":"closed","template":"","meta":{"inline_featured_image":false,"footnotes":""},"class_list":["post-5207","page","type-page","status-publish","hentry"],"yoast_head":"<!-- This site is optimized with the Yoast SEO plugin v27.3 - https:\/\/yoast.com\/product\/yoast-seo-wordpress\/ -->\n<title>Privacy Policy - Franco e Adriana Hotel Ristorante<\/title>\n<meta name=\"robots\" content=\"index, follow, max-snippet:-1, max-image-preview:large, max-video-preview:-1\" \/>\n<link rel=\"canonical\" href=\"https:\/\/francoeadriana.it\/en\/privacy-policy\/\" \/>\n<meta property=\"og:locale\" content=\"de_DE\" \/>\n<meta property=\"og:type\" content=\"article\" \/>\n<meta property=\"og:title\" content=\"Privacy Policy - Franco e Adriana Hotel Ristorante\" \/>\n<meta property=\"og:description\" content=\"Datenschutzerkl\u00e4rung G\u00fcltig ab: 23-M\u00e4rz-2026 Aktualisiert am: 23-M\u00e4rz-2026 Diese Datenschutzerkl\u00e4rung erl\u00e4utert die Richtlinien von https:\/\/francoeadriana.it\/ hinsichtlich der Erhebung, Verwendung, Offenlegung und dem Schutz personenbezogener Daten, die wir erheben, wenn Sie auf https:\/\/francoeadriana.it\/ (den \u201eDienst\u201c) zugreifen. Diese Datenschutzerkl\u00e4rung definiert und beschreibt Ihre Datenschutzrechte sowie den Schutz, den Sie nach den geltenden Datenschutzgesetzen genie\u00dfen. Durch die Nutzung unseres [&hellip;]\" \/>\n<meta property=\"og:url\" content=\"https:\/\/francoeadriana.it\/en\/privacy-policy\/\" \/>\n<meta property=\"og:site_name\" content=\"Franco e Adriana Hotel Ristorante\" \/>\n<meta property=\"article:modified_time\" content=\"2026-03-23T13:21:33+00:00\" \/>\n<meta name=\"twitter:card\" content=\"summary_large_image\" \/>\n<meta name=\"twitter:label1\" content=\"Gesch\u00e4tzte Lesezeit\" \/>\n\t<meta name=\"twitter:data1\" content=\"6\u00a0Minuten\" \/>\n<script type=\"application\/ld+json\" class=\"yoast-schema-graph\">{\"@context\":\"https:\\\/\\\/schema.org\",\"@graph\":[{\"@type\":\"WebPage\",\"@id\":\"https:\\\/\\\/francoeadriana.it\\\/en\\\/privacy-policy\\\/\",\"url\":\"https:\\\/\\\/francoeadriana.it\\\/en\\\/privacy-policy\\\/\",\"name\":\"Privacy Policy - Franco e Adriana Hotel Ristorante\",\"isPartOf\":{\"@id\":\"https:\\\/\\\/francoeadriana.it\\\/#website\"},\"datePublished\":\"2023-07-12T09:21:49+00:00\",\"dateModified\":\"2026-03-23T13:21:33+00:00\",\"breadcrumb\":{\"@id\":\"https:\\\/\\\/francoeadriana.it\\\/en\\\/privacy-policy\\\/#breadcrumb\"},\"inLanguage\":\"de\",\"potentialAction\":[{\"@type\":\"ReadAction\",\"target\":[\"https:\\\/\\\/francoeadriana.it\\\/en\\\/privacy-policy\\\/\"]}]},{\"@type\":\"BreadcrumbList\",\"@id\":\"https:\\\/\\\/francoeadriana.it\\\/en\\\/privacy-policy\\\/#breadcrumb\",\"itemListElement\":[{\"@type\":\"ListItem\",\"position\":1,\"name\":\"Home\",\"item\":\"https:\\\/\\\/francoeadriana.it\\\/de\\\/\"},{\"@type\":\"ListItem\",\"position\":2,\"name\":\"Privacy Policy\"}]},{\"@type\":\"WebSite\",\"@id\":\"https:\\\/\\\/francoeadriana.it\\\/#website\",\"url\":\"https:\\\/\\\/francoeadriana.it\\\/\",\"name\":\"Franco e Adriana Hotel Ristorante\",\"description\":\"\",\"potentialAction\":[{\"@type\":\"SearchAction\",\"target\":{\"@type\":\"EntryPoint\",\"urlTemplate\":\"https:\\\/\\\/francoeadriana.it\\\/?s={search_term_string}\"},\"query-input\":{\"@type\":\"PropertyValueSpecification\",\"valueRequired\":true,\"valueName\":\"search_term_string\"}}],\"inLanguage\":\"de\"}]}<\/script>\n<!-- \/ Yoast SEO plugin. -->","yoast_head_json":{"title":"Privacy Policy - Franco e Adriana Hotel Ristorante","robots":{"index":"index","follow":"follow","max-snippet":"max-snippet:-1","max-image-preview":"max-image-preview:large","max-video-preview":"max-video-preview:-1"},"canonical":"https:\/\/francoeadriana.it\/en\/privacy-policy\/","og_locale":"de_DE","og_type":"article","og_title":"Privacy Policy - Franco e Adriana Hotel Ristorante","og_description":"Datenschutzerkl\u00e4rung G\u00fcltig ab: 23-M\u00e4rz-2026 Aktualisiert am: 23-M\u00e4rz-2026 Diese Datenschutzerkl\u00e4rung erl\u00e4utert die Richtlinien von https:\/\/francoeadriana.it\/ hinsichtlich der Erhebung, Verwendung, Offenlegung und dem Schutz personenbezogener Daten, die wir erheben, wenn Sie auf https:\/\/francoeadriana.it\/ (den \u201eDienst\u201c) zugreifen. Diese Datenschutzerkl\u00e4rung definiert und beschreibt Ihre Datenschutzrechte sowie den Schutz, den Sie nach den geltenden Datenschutzgesetzen genie\u00dfen. Durch die Nutzung unseres [&hellip;]","og_url":"https:\/\/francoeadriana.it\/en\/privacy-policy\/","og_site_name":"Franco e Adriana Hotel Ristorante","article_modified_time":"2026-03-23T13:21:33+00:00","twitter_card":"summary_large_image","twitter_misc":{"Gesch\u00e4tzte Lesezeit":"6\u00a0Minuten"},"schema":{"@context":"https:\/\/schema.org","@graph":[{"@type":"WebPage","@id":"https:\/\/francoeadriana.it\/en\/privacy-policy\/","url":"https:\/\/francoeadriana.it\/en\/privacy-policy\/","name":"Privacy Policy - Franco e Adriana Hotel Ristorante","isPartOf":{"@id":"https:\/\/francoeadriana.it\/#website"},"datePublished":"2023-07-12T09:21:49+00:00","dateModified":"2026-03-23T13:21:33+00:00","breadcrumb":{"@id":"https:\/\/francoeadriana.it\/en\/privacy-policy\/#breadcrumb"},"inLanguage":"de","potentialAction":[{"@type":"ReadAction","target":["https:\/\/francoeadriana.it\/en\/privacy-policy\/"]}]},{"@type":"BreadcrumbList","@id":"https:\/\/francoeadriana.it\/en\/privacy-policy\/#breadcrumb","itemListElement":[{"@type":"ListItem","position":1,"name":"Home","item":"https:\/\/francoeadriana.it\/de\/"},{"@type":"ListItem","position":2,"name":"Privacy Policy"}]},{"@type":"WebSite","@id":"https:\/\/francoeadriana.it\/#website","url":"https:\/\/francoeadriana.it\/","name":"Franco e Adriana Hotel Ristorante","description":"","potentialAction":[{"@type":"SearchAction","target":{"@type":"EntryPoint","urlTemplate":"https:\/\/francoeadriana.it\/?s={search_term_string}"},"query-input":{"@type":"PropertyValueSpecification","valueRequired":true,"valueName":"search_term_string"}}],"inLanguage":"de"}]}},"_links":{"self":[{"href":"https:\/\/francoeadriana.it\/de\/wp-json\/wp\/v2\/pages\/5207","targetHints":{"allow":["GET"]}}],"collection":[{"href":"https:\/\/francoeadriana.it\/de\/wp-json\/wp\/v2\/pages"}],"about":[{"href":"https:\/\/francoeadriana.it\/de\/wp-json\/wp\/v2\/types\/page"}],"author":[{"embeddable":true,"href":"https:\/\/francoeadriana.it\/de\/wp-json\/wp\/v2\/users\/1"}],"replies":[{"embeddable":true,"href":"https:\/\/francoeadriana.it\/de\/wp-json\/wp\/v2\/comments?post=5207"}],"version-history":[{"count":6,"href":"https:\/\/francoeadriana.it\/de\/wp-json\/wp\/v2\/pages\/5207\/revisions"}],"predecessor-version":[{"id":5219,"href":"https:\/\/francoeadriana.it\/de\/wp-json\/wp\/v2\/pages\/5207\/revisions\/5219"}],"wp:attachment":[{"href":"https:\/\/francoeadriana.it\/de\/wp-json\/wp\/v2\/media?parent=5207"}],"curies":[{"name":"wp","href":"https:\/\/api.w.org\/{rel}","templated":true}]}}